{"id":78,"date":"2024-06-19T22:56:02","date_gmt":"2024-06-19T22:56:02","guid":{"rendered":"https:\/\/bartoszkurzawa.pl\/?page_id=78"},"modified":"2025-06-09T22:42:53","modified_gmt":"2025-06-09T22:42:53","slug":"kup-miodek","status":"publish","type":"page","link":"https:\/\/bartoszkurzawa.pl\/index.php\/kup-miodek\/","title":{"rendered":"KUP MIODEK"},"content":{"rendered":"\n<p><\/p>\n\n\n\n<div class=\"wp-block-group\"><div class=\"wp-block-group__inner-container is-layout-constrained wp-block-group-is-layout-constrained\">\n<h3 class=\"wp-block-heading\">Gdzie kupisz nasz mi\u00f3d?<\/h3>\n\n\n\n<ul class=\"wp-block-list\">\n<li><strong>Sieradz<\/strong><br>\u2022 ul. Bohater\u00f3w Wrze\u015bnia 67\/16 <br>\u2022 ul. Broniewskiego 40\/25 \u2013 sprzeda\u017c po wcze\u015bniejszym uzgodnieniu<br>\u2022 Targowisko i ryneczek miejski \u2013 sezon sierpie\u0144\u2013kwiecie\u0144, po wcze\u015bniejszym kontakcie<\/li>\n\n\n\n<li><strong>D\u0105br\u00f3wka 42, Wr\u00f3blew<\/strong><br>\u2022 sprzeda\u017c po wcze\u015bniejszym uzgodnieniu<\/li>\n\n\n\n<li><strong>Z\u0142oczew<\/strong><br>\u2022 gie\u0142da egzotyki i go\u0142\u0119bi \u2013 sprzeda\u017c po uzgodnieniu<\/li>\n\n\n\n<li><strong>Zdu\u0144ska Wola<\/strong><br>\u2022 mo\u017cliwo\u015b\u0107 zakupu wi\u0119kszych ilo\u015bci po wcze\u015bniejszym kontakcie<\/li>\n<\/ul>\n\n\n\n<h3 class=\"wp-block-heading\">Wysy\u0142ka i dostawa<\/h3>\n\n\n\n<p>Dla Twojej wygody oferujemy r\u00f3wnie\u017c mo\u017cliwo\u015b\u0107 wysy\u0142ki miodu:<\/p>\n\n\n\n<ul class=\"wp-block-list\">\n<li>Do paczkomatu InPost<\/li>\n\n\n\n<li>Kurierem InPost bezpo\u015brednio do domu<\/li>\n<\/ul>\n<\/div><\/div>\n","protected":false},"excerpt":{"rendered":"<p>Gdzie kupisz nasz mi\u00f3d? Wysy\u0142ka i dostawa Dla Twojej wygody oferujemy r\u00f3wnie\u017c mo\u017cliwo\u015b\u0107 wysy\u0142ki miodu:<\/p>\n","protected":false},"author":1,"featured_media":0,"parent":0,"menu_order":0,"comment_status":"closed","ping_status":"closed","template":"","meta":{"footnotes":""},"class_list":["post-78","page","type-page","status-publish","hentry"],"_links":{"self":[{"href":"https:\/\/bartoszkurzawa.pl\/index.php\/wp-json\/wp\/v2\/pages\/78","targetHints":{"allow":["GET"]}}],"collection":[{"href":"https:\/\/bartoszkurzawa.pl\/index.php\/wp-json\/wp\/v2\/pages"}],"about":[{"href":"https:\/\/bartoszkurzawa.pl\/index.php\/wp-json\/wp\/v2\/types\/page"}],"author":[{"embeddable":true,"href":"https:\/\/bartoszkurzawa.pl\/index.php\/wp-json\/wp\/v2\/users\/1"}],"replies":[{"embeddable":true,"href":"https:\/\/bartoszkurzawa.pl\/index.php\/wp-json\/wp\/v2\/comments?post=78"}],"version-history":[{"count":7,"href":"https:\/\/bartoszkurzawa.pl\/index.php\/wp-json\/wp\/v2\/pages\/78\/revisions"}],"predecessor-version":[{"id":118,"href":"https:\/\/bartoszkurzawa.pl\/index.php\/wp-json\/wp\/v2\/pages\/78\/revisions\/118"}],"wp:attachment":[{"href":"https:\/\/bartoszkurzawa.pl\/index.php\/wp-json\/wp\/v2\/media?parent=78"}],"curies":[{"name":"wp","href":"https:\/\/api.w.org\/{rel}","templated":true}]}}